{"id":10,"date":"2023-11-16T13:51:59","date_gmt":"2023-11-16T13:51:59","guid":{"rendered":"https:\/\/tasques.espai-aigua.org\/?page_id=10"},"modified":"2024-10-08T09:38:18","modified_gmt":"2024-10-08T09:38:18","slug":"tasques","status":"publish","type":"page","link":"https:\/\/tasques.espai-aigua.org\/","title":{"rendered":"Tasques"},"content":{"rendered":"<p>[et_pb_section fb_built=&#8221;1&#8243; _builder_version=&#8221;4.20.2&#8243; _module_preset=&#8221;default&#8221; background_color=&#8221;#F8EFE7&#8243; custom_padding=&#8221;1px||1px|||&#8221; global_colors_info=&#8221;{}&#8221;][et_pb_row column_structure=&#8221;1_3,1_3,1_3&#8243; _builder_version=&#8221;4.23.1&#8243; _module_preset=&#8221;default&#8221; width=&#8221;90%&#8221; max_width=&#8221;90%&#8221; global_colors_info=&#8221;{}&#8221;][et_pb_column type=&#8221;1_3&#8243; _builder_version=&#8221;4.23.1&#8243; _module_preset=&#8221;default&#8221; global_colors_info=&#8221;{}&#8221;][\/et_pb_column][et_pb_column type=&#8221;1_3&#8243; _builder_version=&#8221;4.23.1&#8243; _module_preset=&#8221;default&#8221; global_colors_info=&#8221;{}&#8221;][\/et_pb_column][et_pb_column type=&#8221;1_3&#8243; _builder_version=&#8221;4.23.1&#8243; _module_preset=&#8221;default&#8221; global_colors_info=&#8221;{}&#8221;][et_pb_button button_url=&#8221;mailto:TasquesEA@gmail.com&#8221; url_new_window=&#8221;on&#8221; button_text=&#8221;\u00bfTIENES DUDAS? CU\u00c9NTANOS&#8221; button_alignment=&#8221;right&#8221; disabled_on=&#8221;off|off|off&#8221; _builder_version=&#8221;4.23.1&#8243; _module_preset=&#8221;default&#8221; custom_button=&#8221;on&#8221; button_text_size=&#8221;14px&#8221; button_text_color=&#8221;#F1DED0&#8243; button_bg_color=&#8221;#0C71C3&#8243; button_border_width=&#8221;0px&#8221; button_border_color=&#8221;#0E8F8C&#8221; button_border_radius=&#8221;0px&#8221; button_font=&#8221;Poppins|700||on|||||&#8221; button_use_icon=&#8221;off&#8221; custom_padding=&#8221;8px|20px|8px|20px|true|true&#8221; sticky_position=&#8221;top&#8221; sticky_offset_top=&#8221;8px&#8221; sticky_transition=&#8221;off&#8221; button_text_size_tablet=&#8221;&#8221; button_text_size_phone=&#8221;15px&#8221; button_text_size_last_edited=&#8221;on|phone&#8221; box_shadow_style=&#8221;preset2&#8243; box_shadow_horizontal=&#8221;0px&#8221; box_shadow_vertical=&#8221;12px&#8221; box_shadow_spread=&#8221;-6px&#8221; global_colors_info=&#8221;%91%93&#8243;][\/et_pb_button][\/et_pb_column][\/et_pb_row][et_pb_row column_structure=&#8221;1_4,3_4&#8243; _builder_version=&#8221;4.23.1&#8243; _module_preset=&#8221;default&#8221; width=&#8221;100%&#8221; global_colors_info=&#8221;{}&#8221;][et_pb_column type=&#8221;1_4&#8243; _builder_version=&#8221;4.23.1&#8243; _module_preset=&#8221;default&#8221; global_colors_info=&#8221;{}&#8221;][et_pb_image src=&#8221;https:\/\/tasques.espai-aigua.org\/wp-content\/uploads\/2023\/11\/unnamed.png&#8221; title_text=&#8221;unnamed&#8221; _builder_version=&#8221;4.23.1&#8243; _module_preset=&#8221;default&#8221; width=&#8221;54%&#8221; module_alignment=&#8221;right&#8221; global_colors_info=&#8221;{}&#8221;][\/et_pb_image][\/et_pb_column][et_pb_column type=&#8221;3_4&#8243; _builder_version=&#8221;4.23.1&#8243; _module_preset=&#8221;default&#8221; global_colors_info=&#8221;{}&#8221;][et_pb_text _builder_version=&#8221;4.23.1&#8243; _module_preset=&#8221;df5b2bb1-f678-4c0c-9f0c-9bdb686f21d6&#8243; header_font=&#8221;Prompt|800|||||||&#8221; header_text_align=&#8221;left&#8221; header_text_color=&#8221;#f4b57c&#8221; header_font_size=&#8221;74px&#8221; custom_padding=&#8221;50px||||false|false&#8221; global_colors_info=&#8221;{}&#8221;]<\/p>\n<h1>TASQUES ESPAI<\/h1>\n<p>[\/et_pb_text][\/et_pb_column][\/et_pb_row][et_pb_row _builder_version=&#8221;4.20.2&#8243; _module_preset=&#8221;6124b242-a80f-467b-a56a-c26b634b2c26&#8243; width_phone=&#8221;90%&#8221; global_colors_info=&#8221;{}&#8221;][et_pb_column type=&#8221;4_4&#8243; _builder_version=&#8221;4.20.2&#8243; _module_preset=&#8221;default&#8221; global_colors_info=&#8221;{}&#8221;][et_pb_text _builder_version=&#8221;4.23.1&#8243; _module_preset=&#8221;default&#8221; text_font=&#8221;||||||||&#8221; text_font_size=&#8221;17px&#8221; global_colors_info=&#8221;{}&#8221;]<\/p>\n<p style=\"text-align: center;\">\u00bfTodav\u00eda no te has registrado como familia? <strong>Haz clic <a href=\"https:\/\/tasques.espai-aigua.org\/index.php\/crear-id-de-familia\/\" target=\"_blank\" rel=\"noopener\">aqu\u00ed<\/a> para recibir tu id de familia.<\/strong><\/p>\n<div id=\"gtx-trans\" style=\"position: absolute; left: 821px; top: 38px;\">\n<div class=\"gtx-trans-icon\"><\/div>\n<\/div>\n<p>[\/et_pb_text][et_pb_text _builder_version=&#8221;4.23.1&#8243; _module_preset=&#8221;default&#8221; text_font=&#8221;||||||||&#8221; text_font_size=&#8221;17px&#8221; hover_enabled=&#8221;0&#8243; global_colors_info=&#8221;{}&#8221; sticky_enabled=&#8221;0&#8243;]<\/p>\n<p style=\"text-align: center;\"><strong style=\"font-size: 25px;\">IMPORTANTE!!!!\u00a0<\/strong> Te puedes descargar la normativa clicando <a href=\"https:\/\/drive.google.com\/file\/d\/1jO-IMSgQdAV-b2P2eiys2D2d7JpnQasq\/view?usp=drive_link\" target=\"_blank\" rel=\"noopener\">aqui<\/a><\/p>\n<div id=\"gtx-trans\" style=\"position: absolute; left: 821px; top: 38px;\">\n<div class=\"gtx-trans-icon\"><\/div>\n<\/div>\n<p>[\/et_pb_text][et_pb_tabs active_tab_background_color=&#8221;#6ea38e&#8221; inactive_tab_background_color=&#8221;#f4b57c&#8221; active_tab_text_color=&#8221;#f3efe3&#8243; module_class=&#8221;et_custom_tab&#8221; _builder_version=&#8221;4.23.1&#8243; _module_preset=&#8221;default&#8221; tab_font=&#8221;Poppins|300|||||||&#8221; tab_font_size=&#8221;12px&#8221; background_color=&#8221;#fffbed&#8221; border_width_all=&#8221;0px&#8221; global_colors_info=&#8221;{}&#8221;][et_pb_tab title=&#8221;1. Consulta las tareas disponibles \ud83d\udee0 &#8221; _builder_version=&#8221;4.23.1&#8243; _module_preset=&#8221;default&#8221; tab_font=&#8221;Poppins|600|||||||&#8221; tab_text_color=&#8221;#f3efe3&#8243; tab_font_size=&#8221;15px&#8221; global_colors_info=&#8221;{}&#8221; tab_text_color__hover_enabled=&#8221;on|hover&#8221; tab_text_color__hover=&#8221;#f3efe3&#8243; title__hover_enabled=&#8221;off|desktop&#8221;]<\/p>\n<p>Tareas solicitadas por el espai que est\u00e1n disponibles. Recuerda que puedes:<\/p>\n<ul>\n<li><strong>Filtrarlas con el icono Filter <\/strong>(por cualquier campo, por ejemplo, para ver solo las tareas que se pueden hacer el fin de semana filtrando el campo &#8220;Cu\u00e1ndo se puede realizar la tarea&#8221;)<\/li>\n<li><strong>Agruparlas con el icono Group <\/strong>(por cualquier campo, por ejemplo, para agrupar las tareas por tipo de tarea)<\/li>\n<li><strong>Ordenarlas con el icono Sort <\/strong>(por cualquier campo, por ejemplo, podr\u00edas ordenar las tareas por n\u00famero de horas disponibles)<\/li>\n<li><strong>Esconder campos que no te interesan con el icono Hide Fields <\/strong><\/li>\n<\/ul>\n<p><strong>\u2757\ufe0fRecuerda<\/strong><\/p>\n<ul>\n<li>Si pasas el cursor por encima del campo (cabecero de la columna) obtendr\u00e1s m\u00e1s informaci\u00f3n<\/li>\n<li>Puedes navegar hacia la derecha o hacia abajo usando la barra de navegaci\u00f3n en la parte inferior o derecha de la tabla.<\/li>\n<\/ul>\n<h3>\u00a0Tabla tareas<\/h3>\n<p><iframe loading=\"lazy\" class=\"airtable-embed\" style=\"background: transparent; border: 1px solid #ccc;\" src=\"https:\/\/airtable.com\/embed\/appODjb7gMSzN5a6e\/shrXLmPILiea0MxNT?backgroundColor=teal&amp;viewControls=on\" width=\"100%\" height=\"533\" frameborder=\"0\"><\/iframe><\/p>\n<p>[\/et_pb_tab][et_pb_tab title=&#8221;2. As\u00edgnate una tarea \u261d\ud83c\udffe&#8221; _builder_version=&#8221;4.23.1&#8243; _module_preset=&#8221;default&#8221; tab_font=&#8221;Poppins|600|||||||&#8221; tab_text_color=&#8221;#f3efe3&#8243; tab_font_size=&#8221;15px&#8221; global_colors_info=&#8221;{}&#8221; tab_text_color__hover=&#8221;#f3efe3&#8243; tab_text_color__hover_enabled=&#8221;on|hover&#8221;]Necesitar\u00e1s tener a mano el id de tu familia. (Si todav\u00eda no te has registrado como familia haz clic <a href=\"https:\/\/tasques.espai-aigua.org\/index.php\/crear-id-de-familia\/\" target=\"_blank\" rel=\"noopener\">aqu\u00ed<\/a> para recibir tu id de familia.)<\/p>\n<p>Indica cuantas horas vas a invertir y la fecha en la que completar\u00e1s tu asignaci\u00f3n (aseg\u00farate de que si la tarea tiene fecha l\u00edmite tu fecha sea anterior a esa).\u00a0 <strong>Recibir\u00e1s un email con el identificador de la asignaci\u00f3n.<\/strong><\/p>\n<p><iframe loading=\"lazy\" class=\"airtable-embed\" style=\"background: transparent; border: 1px solid #ccc;\" src=\"https:\/\/airtable.com\/embed\/appODjb7gMSzN5a6e\/shrM4ZtFVkuuBZiK4?backgroundColor=teal\" width=\"100%\" height=\"1000\" frameborder=\"0\"><\/iframe>[\/et_pb_tab][et_pb_tab title=&#8221;3. Mira tus asignaciones pendientes \ud83d\udc40 &#8221; _builder_version=&#8221;4.23.1&#8243; _module_preset=&#8221;default&#8221; tab_font=&#8221;Poppins|600|||||||&#8221; tab_text_color=&#8221;#f3efe3&#8243; tab_font_size=&#8221;15px&#8221; global_colors_info=&#8221;{}&#8221; tab_text_color__hover=&#8221;#f3efe3&#8243; tab_text_color__hover_enabled=&#8221;on|hover&#8221;]<\/p>\n<p><strong>Filtra en la tabla de abajo (por el id de tu familia) las asignaciones que tienes pendientes para consultar la informaci\u00f3n detallada.<\/strong><\/p>\n<p><a href=\"https:\/\/tasques.espai-aigua.org\/wp-content\/uploads\/2023\/11\/asignaciones.png\"><img loading=\"lazy\" decoding=\"async\" src=\"https:\/\/tasques.espai-aigua.org\/wp-content\/uploads\/2023\/11\/asignaciones-1024x228.png\" width=\"749\" height=\"167\" alt=\"\" class=\"wp-image-48 alignnone size-large\" \/><\/a><\/p>\n<p><strong>\u2757\ufe0fRecuerda<\/strong><\/p>\n<ul>\n<li>Si pasas el cursor por encima del campo (cabecero de la columna) obtendr\u00e1s m\u00e1s informaci\u00f3n<\/li>\n<li>Puedes navegar hacia la derecha o hacia abajo usando la barra de navegaci\u00f3n en la parte inferior o derecha de la tabla.<\/li>\n<\/ul>\n<h3>Tabla Asignaciones<\/h3>\n<p><iframe loading=\"lazy\" class=\"airtable-embed\" style=\"background: transparent; border: 1px solid #ccc;\" src=\"https:\/\/airtable.com\/embed\/appODjb7gMSzN5a6e\/shr2YqhleRWeQH733?backgroundColor=teal&amp;viewControls=on\" width=\"100%\" height=\"533\" frameborder=\"0\"><\/iframe><\/p>\n<p>[\/et_pb_tab][et_pb_tab title=&#8221;4. Marca una asignaci\u00f3n como completada \u2705&#8221; _builder_version=&#8221;4.23.1&#8243; _module_preset=&#8221;default&#8221; tab_font=&#8221;Poppins|600|||||||&#8221; tab_text_color=&#8221;#f3efe3&#8243; tab_font_size=&#8221;15px&#8221; global_colors_info=&#8221;{}&#8221; tab_text_color__hover=&#8221;#f3efe3&#8243; tab_text_color__hover_enabled=&#8221;on|hover&#8221;]Necesitar\u00e1s el identificador de tu asignaci\u00f3n. Introduce el n\u00famero de horas reales trabajadas y tambi\u00e9n si la tarea ha quedado lista para revisi\u00f3n.<\/p>\n<p><iframe loading=\"lazy\" src=\"https:\/\/docs.google.com\/forms\/d\/e\/1FAIpQLSf7yl_M84eeuUIAl0JMDXe5hiKuC6nYnEu4XhLVz5MDWIFAFQ\/viewform?embedded=true\" width=\"1200\" height=\"1000\" frameborder=\"0\" marginwidth=\"0\" marginheight=\"0\">Loading\u2026<\/iframe>[\/et_pb_tab][et_pb_tab title=&#8221;5. Consulta el estado de tu familia \ud83c\udfe0 &#8221; _builder_version=&#8221;4.23.1&#8243; _module_preset=&#8221;default&#8221; tab_font=&#8221;Poppins|600|||||||&#8221; tab_text_color=&#8221;#f3efe3&#8243; tab_font_size=&#8221;15px&#8221; global_colors_info=&#8221;{}&#8221; tab_text_color__hover=&#8221;#f3efe3&#8243; tab_text_color__hover_enabled=&#8221;on|hover&#8221;]<strong>Recuento de horas realizadas completadas y pendientes.<\/strong><\/p>\n<ul>\n<li>Las horas a realizar para cada Cuatrimestre son:<strong> T1<\/strong> (1 sep &#8211; 31 dic): 10h ;<strong> T2<\/strong> (1 ene -30 abr): 10h ; <strong>T3<\/strong> (1 may -31 ago): 10h<\/li>\n<\/ul>\n<ul>\n<li>Si un trimestre haces m\u00e1s horas, esas horas de m\u00e1s se contabilizan como horas realizadas del siguiente trimestre.<\/li>\n<li>Si quedan a deber al final del trimestre se facturar\u00e1n autom\u00e1ticamente.<\/li>\n<li>Si al acabar el curso se han hecho horas de m\u00e1s, \u00e9stas no contabilizan para el siguiente curso<\/li>\n<\/ul>\n<p><strong>Filtra en la tabla de abajo por &#8220;id de familia&#8221; para consultar tus datos.<\/strong><\/p>\n<p><a href=\"https:\/\/tasques.espai-aigua.org\/wp-content\/uploads\/2023\/11\/idfamilia.png\"><img loading=\"lazy\" decoding=\"async\" src=\"https:\/\/tasques.espai-aigua.org\/wp-content\/uploads\/2023\/11\/idfamilia-1024x239.png\" width=\"566\" height=\"132\" alt=\"\" class=\"wp-image-36 alignnone size-large\" \/><\/a><\/p>\n<p><strong>\u2757\ufe0fRecuerda<\/strong><\/p>\n<ul>\n<li>Si pasas el cursor por encima del campo (cabecero de la columna) obtendr\u00e1s m\u00e1s informaci\u00f3n<\/li>\n<li>Puedes navegar hacia la derecha o hacia abajo usando la barra de navegaci\u00f3n en la parte inferior o derecha de la tabla.<\/li>\n<\/ul>\n<h3>Tabla balance Familia<\/h3>\n<p><iframe loading=\"lazy\" class=\"airtable-embed\" src=\"https:\/\/airtable.com\/embed\/appODjb7gMSzN5a6e\/shr85C2H5z6ghSYLy?backgroundColor=teal&#038;viewControls=on\" frameborder=\"0\" onmousewheel=\"\" width=\"100%\" height=\"533\" style=\"background: transparent; border: 1px solid #ccc;\"><\/iframe>[\/et_pb_tab][\/et_pb_tabs][\/et_pb_column][\/et_pb_row][\/et_pb_section]<\/p>\n","protected":false},"excerpt":{"rendered":"<p>TASQUES ESPAI\u00bfTodav\u00eda no te has registrado como familia? Haz clic aqu\u00ed para recibir tu id de familia. IMPORTANTE!!!!\u00a0 Te puedes descargar la normativa clicando aqui Tareas solicitadas por el espai que est\u00e1n disponibles. Recuerda que puedes: Filtrarlas con el icono Filter (por cualquier campo, por ejemplo, para ver solo las tareas que se pueden hacer [&hellip;]<\/p>\n","protected":false},"author":2,"featured_media":0,"parent":0,"menu_order":0,"comment_status":"closed","ping_status":"closed","template":"page-template-blank.php","meta":{"_et_pb_use_builder":"on","_et_pb_old_content":"","_et_gb_content_width":"","footnotes":""},"class_list":["post-10","page","type-page","status-publish","hentry"],"_links":{"self":[{"href":"https:\/\/tasques.espai-aigua.org\/index.php\/wp-json\/wp\/v2\/pages\/10","targetHints":{"allow":["GET"]}}],"collection":[{"href":"https:\/\/tasques.espai-aigua.org\/index.php\/wp-json\/wp\/v2\/pages"}],"about":[{"href":"https:\/\/tasques.espai-aigua.org\/index.php\/wp-json\/wp\/v2\/types\/page"}],"author":[{"embeddable":true,"href":"https:\/\/tasques.espai-aigua.org\/index.php\/wp-json\/wp\/v2\/users\/2"}],"replies":[{"embeddable":true,"href":"https:\/\/tasques.espai-aigua.org\/index.php\/wp-json\/wp\/v2\/comments?post=10"}],"version-history":[{"count":45,"href":"https:\/\/tasques.espai-aigua.org\/index.php\/wp-json\/wp\/v2\/pages\/10\/revisions"}],"predecessor-version":[{"id":116,"href":"https:\/\/tasques.espai-aigua.org\/index.php\/wp-json\/wp\/v2\/pages\/10\/revisions\/116"}],"wp:attachment":[{"href":"https:\/\/tasques.espai-aigua.org\/index.php\/wp-json\/wp\/v2\/media?parent=10"}],"curies":[{"name":"wp","href":"https:\/\/api.w.org\/{rel}","templated":true}]}}